{"id":129,"date":"2023-01-05T14:06:39","date_gmt":"2023-01-05T14:06:39","guid":{"rendered":"https:\/\/grupgirosoler.cat\/quienes-somos\/"},"modified":"2025-07-22T03:28:41","modified_gmt":"2025-07-22T03:28:41","slug":"qui-som","status":"publish","type":"page","link":"https:\/\/pastisseriauno.es\/ca\/qui-som\/","title":{"rendered":"Qui som"},"content":{"rendered":"<p data-start=\"144\" data-end=\"724\"><strong data-start=\"144\" data-end=\"163\">Pastisseria U\u00f1\u00f3<\/strong> \u00e9s una <strong data-start=\"171\" data-end=\"191\">empresa familiar<\/strong> fundada el <strong data-start=\"203\" data-end=\"211\">1967<\/strong> i arrelada des dels seus inicis al <strong data-start=\"247\" data-end=\"267\">centre de Matar\u00f3<\/strong>. Durant m\u00e9s de mig segle, hem estat un <strong data-start=\"307\" data-end=\"347\">referent en el m\u00f3n de la pastisseria<\/strong>, gr\u00e0cies al treball constant de diverses generacions de la <strong data-start=\"407\" data-end=\"422\">fam\u00edlia U\u00f1\u00f3<\/strong>, que han sabut combinar la <strong data-start=\"450\" data-end=\"462\">tradici\u00f3<\/strong> amb l\u2019<strong data-start=\"469\" data-end=\"492\">esperit d\u2019innovaci\u00f3<\/strong>. El nostre projecte va n\u00e9ixer de la m\u00e0 de <strong data-start=\"535\" data-end=\"556\">Claudi U\u00f1\u00f3 Encesa<\/strong>, qui va aportar coneixements i t\u00e8cniques apreses a l\u2019estranger, especialment a Su\u00efssa, per tal d\u2019elevar el nivell de <strong data-start=\"674\" data-end=\"686\">qualitat<\/strong> i <strong data-start=\"689\" data-end=\"704\" data-is-only-node=\"\">creativitat<\/strong> a la nostra oferta.<\/p>\n<p data-start=\"726\" data-end=\"1392\">Amb el pas dels anys, hem crescut i evolucionat, <strong data-start=\"775\" data-end=\"814\">ampliant les nostres instal\u00b7lacions<\/strong> i obrador per oferir un servei m\u00e9s complet als nostres clients, per\u00f2 <strong data-start=\"884\" data-end=\"940\">sense perdre mai l\u2019ess\u00e8ncia familiar i de proximitat<\/strong> que ens defineix. Avui, Pastisseria U\u00f1\u00f3 \u00e9s <strong data-start=\"984\" data-end=\"1016\">molt m\u00e9s que una pastisseria<\/strong>: \u00e9s un espai on es barreja l\u2019<strong data-start=\"1046\" data-end=\"1059\">artesania<\/strong>, la <strong data-start=\"1064\" data-end=\"1091\">passi\u00f3 pel bon producte<\/strong> i l\u2019<strong data-start=\"1096\" data-end=\"1129\">atenci\u00f3 acurada a cada detall<\/strong>. El nostre equip, format per <strong data-start=\"1159\" data-end=\"1188\">professionals apassionats<\/strong> i per membres de la pr\u00f2pia fam\u00edlia, treballa dia a dia per <strong data-start=\"1248\" data-end=\"1301\">mantenir viu l\u2019esperit d\u2019una pastisseria de barri<\/strong>, oberta a la ciutat i propera als seus clients, per\u00f2 amb una visi\u00f3 actual i oberta al m\u00f3n.<\/p>\n","protected":false},"excerpt":{"rendered":"<p>Pastisseria U\u00f1\u00f3 \u00e9s una empresa familiar fundada el 1967 i arrelada des dels seus inicis al centre de Matar\u00f3. Durant m\u00e9s de mig segle, hem estat un referent en el m\u00f3n de la pastisseria, gr\u00e0cies al treball constant de diverses generacions de la fam\u00edlia U\u00f1\u00f3, que han sabut combinar la tradici\u00f3 amb l\u2019esperit d\u2019innovaci\u00f3. El [&hellip;]<\/p>\n","protected":false},"author":1,"featured_media":0,"parent":0,"menu_order":2,"comment_status":"closed","ping_status":"closed","template":"template-aboutus.php","meta":{"footnotes":""},"class_list":["post-129","page","type-page","status-publish","hentry"],"yoast_head":"<!-- This site is optimized with the Yoast SEO plugin v25.5 - https:\/\/yoast.com\/wordpress\/plugins\/seo\/ -->\n<title>Qui som - Pastisseria U\u00f1\u00f3<\/title>\n<meta name=\"robots\" content=\"index, follow, max-snippet:-1, max-image-preview:large, max-video-preview:-1\" \/>\n<link rel=\"canonical\" href=\"https:\/\/pastisseriauno.es\/ca\/qui-som\/\" \/>\n<meta property=\"og:locale\" content=\"ca_ES\" \/>\n<meta property=\"og:type\" content=\"article\" \/>\n<meta property=\"og:title\" content=\"Qui som - Pastisseria U\u00f1\u00f3\" \/>\n<meta property=\"og:description\" content=\"Pastisseria U\u00f1\u00f3 \u00e9s una empresa familiar fundada el 1967 i arrelada des dels seus inicis al centre de Matar\u00f3. Durant m\u00e9s de mig segle, hem estat un referent en el m\u00f3n de la pastisseria, gr\u00e0cies al treball constant de diverses generacions de la fam\u00edlia U\u00f1\u00f3, que han sabut combinar la tradici\u00f3 amb l\u2019esperit d\u2019innovaci\u00f3. El [&hellip;]\" \/>\n<meta property=\"og:url\" content=\"https:\/\/pastisseriauno.es\/ca\/qui-som\/\" \/>\n<meta property=\"og:site_name\" content=\"Pastisseria U\u00f1\u00f3\" \/>\n<meta property=\"article:modified_time\" content=\"2025-07-22T03:28:41+00:00\" \/>\n<meta name=\"twitter:card\" content=\"summary_large_image\" \/>\n<meta name=\"twitter:label1\" content=\"Est. reading time\" \/>\n\t<meta name=\"twitter:data1\" content=\"1 minute\" \/>\n<script type=\"application\/ld+json\" class=\"yoast-schema-graph\">{\"@context\":\"https:\/\/schema.org\",\"@graph\":[{\"@type\":\"WebPage\",\"@id\":\"https:\/\/pastisseriauno.es\/ca\/qui-som\/\",\"url\":\"https:\/\/pastisseriauno.es\/ca\/qui-som\/\",\"name\":\"Qui som - Pastisseria U\u00f1\u00f3\",\"isPartOf\":{\"@id\":\"https:\/\/pastisseriauno.es\/#website\"},\"datePublished\":\"2023-01-05T14:06:39+00:00\",\"dateModified\":\"2025-07-22T03:28:41+00:00\",\"breadcrumb\":{\"@id\":\"https:\/\/pastisseriauno.es\/ca\/qui-som\/#breadcrumb\"},\"inLanguage\":\"ca\",\"potentialAction\":[{\"@type\":\"ReadAction\",\"target\":[\"https:\/\/pastisseriauno.es\/ca\/qui-som\/\"]}]},{\"@type\":\"BreadcrumbList\",\"@id\":\"https:\/\/pastisseriauno.es\/ca\/qui-som\/#breadcrumb\",\"itemListElement\":[{\"@type\":\"ListItem\",\"position\":1,\"name\":\"Portada\",\"item\":\"https:\/\/pastisseriauno.es\/ca\/\"},{\"@type\":\"ListItem\",\"position\":2,\"name\":\"Qui som\"}]},{\"@type\":\"WebSite\",\"@id\":\"https:\/\/pastisseriauno.es\/#website\",\"url\":\"https:\/\/pastisseriauno.es\/\",\"name\":\"Pastisseria U\u00f1\u00f3\",\"description\":\"\",\"publisher\":{\"@id\":\"https:\/\/pastisseriauno.es\/#organization\"},\"potentialAction\":[{\"@type\":\"SearchAction\",\"target\":{\"@type\":\"EntryPoint\",\"urlTemplate\":\"https:\/\/pastisseriauno.es\/?s={search_term_string}\"},\"query-input\":{\"@type\":\"PropertyValueSpecification\",\"valueRequired\":true,\"valueName\":\"search_term_string\"}}],\"inLanguage\":\"ca\"},{\"@type\":\"Organization\",\"@id\":\"https:\/\/pastisseriauno.es\/#organization\",\"name\":\"Juan Carel\",\"url\":\"https:\/\/pastisseriauno.es\/\",\"logo\":{\"@type\":\"ImageObject\",\"inLanguage\":\"ca\",\"@id\":\"https:\/\/pastisseriauno.es\/#\/schema\/logo\/image\/\",\"url\":\"\",\"contentUrl\":\"\",\"caption\":\"Juan Carel\"},\"image\":{\"@id\":\"https:\/\/pastisseriauno.es\/#\/schema\/logo\/image\/\"}}]}<\/script>\n<!-- \/ Yoast SEO plugin. -->","yoast_head_json":{"title":"Qui som - Pastisseria U\u00f1\u00f3","robots":{"index":"index","follow":"follow","max-snippet":"max-snippet:-1","max-image-preview":"max-image-preview:large","max-video-preview":"max-video-preview:-1"},"canonical":"https:\/\/pastisseriauno.es\/ca\/qui-som\/","og_locale":"ca_ES","og_type":"article","og_title":"Qui som - Pastisseria U\u00f1\u00f3","og_description":"Pastisseria U\u00f1\u00f3 \u00e9s una empresa familiar fundada el 1967 i arrelada des dels seus inicis al centre de Matar\u00f3. Durant m\u00e9s de mig segle, hem estat un referent en el m\u00f3n de la pastisseria, gr\u00e0cies al treball constant de diverses generacions de la fam\u00edlia U\u00f1\u00f3, que han sabut combinar la tradici\u00f3 amb l\u2019esperit d\u2019innovaci\u00f3. El [&hellip;]","og_url":"https:\/\/pastisseriauno.es\/ca\/qui-som\/","og_site_name":"Pastisseria U\u00f1\u00f3","article_modified_time":"2025-07-22T03:28:41+00:00","twitter_card":"summary_large_image","twitter_misc":{"Est. reading time":"1 minute"},"schema":{"@context":"https:\/\/schema.org","@graph":[{"@type":"WebPage","@id":"https:\/\/pastisseriauno.es\/ca\/qui-som\/","url":"https:\/\/pastisseriauno.es\/ca\/qui-som\/","name":"Qui som - Pastisseria U\u00f1\u00f3","isPartOf":{"@id":"https:\/\/pastisseriauno.es\/#website"},"datePublished":"2023-01-05T14:06:39+00:00","dateModified":"2025-07-22T03:28:41+00:00","breadcrumb":{"@id":"https:\/\/pastisseriauno.es\/ca\/qui-som\/#breadcrumb"},"inLanguage":"ca","potentialAction":[{"@type":"ReadAction","target":["https:\/\/pastisseriauno.es\/ca\/qui-som\/"]}]},{"@type":"BreadcrumbList","@id":"https:\/\/pastisseriauno.es\/ca\/qui-som\/#breadcrumb","itemListElement":[{"@type":"ListItem","position":1,"name":"Portada","item":"https:\/\/pastisseriauno.es\/ca\/"},{"@type":"ListItem","position":2,"name":"Qui som"}]},{"@type":"WebSite","@id":"https:\/\/pastisseriauno.es\/#website","url":"https:\/\/pastisseriauno.es\/","name":"Pastisseria U\u00f1\u00f3","description":"","publisher":{"@id":"https:\/\/pastisseriauno.es\/#organization"},"potentialAction":[{"@type":"SearchAction","target":{"@type":"EntryPoint","urlTemplate":"https:\/\/pastisseriauno.es\/?s={search_term_string}"},"query-input":{"@type":"PropertyValueSpecification","valueRequired":true,"valueName":"search_term_string"}}],"inLanguage":"ca"},{"@type":"Organization","@id":"https:\/\/pastisseriauno.es\/#organization","name":"Juan Carel","url":"https:\/\/pastisseriauno.es\/","logo":{"@type":"ImageObject","inLanguage":"ca","@id":"https:\/\/pastisseriauno.es\/#\/schema\/logo\/image\/","url":"","contentUrl":"","caption":"Juan Carel"},"image":{"@id":"https:\/\/pastisseriauno.es\/#\/schema\/logo\/image\/"}}]}},"_links":{"self":[{"href":"https:\/\/pastisseriauno.es\/ca\/wp-json\/wp\/v2\/pages\/129","targetHints":{"allow":["GET"]}}],"collection":[{"href":"https:\/\/pastisseriauno.es\/ca\/wp-json\/wp\/v2\/pages"}],"about":[{"href":"https:\/\/pastisseriauno.es\/ca\/wp-json\/wp\/v2\/types\/page"}],"author":[{"embeddable":true,"href":"https:\/\/pastisseriauno.es\/ca\/wp-json\/wp\/v2\/users\/1"}],"replies":[{"embeddable":true,"href":"https:\/\/pastisseriauno.es\/ca\/wp-json\/wp\/v2\/comments?post=129"}],"version-history":[{"count":5,"href":"https:\/\/pastisseriauno.es\/ca\/wp-json\/wp\/v2\/pages\/129\/revisions"}],"predecessor-version":[{"id":220,"href":"https:\/\/pastisseriauno.es\/ca\/wp-json\/wp\/v2\/pages\/129\/revisions\/220"}],"wp:attachment":[{"href":"https:\/\/pastisseriauno.es\/ca\/wp-json\/wp\/v2\/media?parent=129"}],"curies":[{"name":"wp","href":"https:\/\/api.w.org\/{rel}","templated":true}]}}