{"id":138,"date":"2023-01-05T14:47:15","date_gmt":"2023-01-05T14:47:15","guid":{"rendered":"https:\/\/grupgirosoler.cat\/que-hacemos\/"},"modified":"2025-07-22T03:29:22","modified_gmt":"2025-07-22T03:29:22","slug":"que-fem","status":"publish","type":"page","link":"https:\/\/pastisseriauno.es\/ca\/que-fem\/","title":{"rendered":"Qu\u00e8 fem"},"content":{"rendered":"<p data-start=\"127\" data-end=\"693\">A <strong data-start=\"129\" data-end=\"148\">Pastisseria U\u00f1\u00f3<\/strong> ens dediquem a l\u2019<strong data-start=\"166\" data-end=\"190\">elaboraci\u00f3 artesanal<\/strong> d\u2019una \u00e0mplia gamma de <strong data-start=\"213\" data-end=\"242\">productes dol\u00e7os i salats<\/strong>, pensats tant per al dia a dia com per a les ocasions m\u00e9s especials. La nostra carta inclou <strong data-start=\"335\" data-end=\"422\">pastissos, rebosteria tradicional i d\u2019autor, coques, petits-fours, bombons, galetes<\/strong> i <strong data-start=\"425\" data-end=\"449\">especialitats locals<\/strong>, aix\u00ed com una selecci\u00f3 de <strong data-start=\"476\" data-end=\"496\">productes salats<\/strong> per a c\u00e0terings i celebracions. Tots els nostres productes es preparen al nostre <strong data-start=\"578\" data-end=\"595\">obrador propi<\/strong>, utilitzant <strong data-start=\"608\" data-end=\"636\">ingredients seleccionats<\/strong> i t\u00e8cniques que combinen la <strong data-start=\"665\" data-end=\"692\">tradici\u00f3 i la innovaci\u00f3<\/strong>.<\/p>\n<p data-start=\"695\" data-end=\"770\">A m\u00e9s, oferim <strong data-start=\"709\" data-end=\"735\">serveis personalitzats<\/strong> i solucions per a cada necessitat:<\/p>\n<ul data-start=\"772\" data-end=\"1727\">\n<li data-start=\"772\" data-end=\"987\">\n<p data-start=\"774\" data-end=\"987\"><strong data-start=\"774\" data-end=\"800\">C\u00e0tering dol\u00e7 i salat:<\/strong> Assortiment per a esdeveniments, celebracions, esmorzars d\u2019empresa i reunions familiars, amb una selecci\u00f3 de canap\u00e8s, mini sandvitxos, pizzes, quiches, brioixeria i rebosteria artesanal.<\/p>\n<\/li>\n<li data-start=\"988\" data-end=\"1127\">\n<p data-start=\"990\" data-end=\"1127\"><strong data-start=\"990\" data-end=\"1018\">Paneres i lots de regal:<\/strong> Propostes a mida amb els nostres millors productes, ideals per a festes, dates especials i regals d\u2019empresa.<\/p>\n<\/li>\n<li data-start=\"1128\" data-end=\"1277\">\n<p data-start=\"1130\" data-end=\"1277\"><strong data-start=\"1130\" data-end=\"1150\">Torrons d\u2019autor:<\/strong> Creacions \u00faniques i originals fruit de la col\u00b7laboraci\u00f3 amb artistes locals, que reinventen el concepte tradicional del torr\u00f3.<\/p>\n<\/li>\n<li data-start=\"1278\" data-end=\"1416\">\n<p data-start=\"1280\" data-end=\"1416\"><strong data-start=\"1280\" data-end=\"1307\">Productes de temporada:<\/strong> Mones de Pasqua, coques de Sant Joan, panellets, tortells de Reis i especialitats festives durant tot l\u2019any.<\/p>\n<\/li>\n<li data-start=\"1417\" data-end=\"1562\">\n<p data-start=\"1419\" data-end=\"1562\"><strong data-start=\"1419\" data-end=\"1448\">Pastisseria per enc\u00e0rrec:<\/strong> Personalitzem pastissos, detalls dol\u00e7os i propostes per a aniversaris, casaments i qualsevol tipus de celebraci\u00f3.<\/p>\n<\/li>\n<li data-start=\"1563\" data-end=\"1727\">\n<p data-start=\"1565\" data-end=\"1727\"><strong data-start=\"1565\" data-end=\"1601\">Atenci\u00f3 propera i assessorament:<\/strong> Ens adaptem als gustos i necessitats de cada client per garantir una experi\u00e8ncia \u00fanica, tant en botiga com en serveis a mida.<\/p>\n<\/li>\n<\/ul>\n<p data-start=\"1729\" data-end=\"2105\">La nostra filosofia es basa en la <strong data-start=\"1763\" data-end=\"1824\">qualitat, l\u2019originalitat i el tracte proper amb el client<\/strong>, cuidant cada detall perqu\u00e8 cada experi\u00e8ncia sigui memorable. Tant si vols <strong data-start=\"1900\" data-end=\"1937\">sorprendre amb un detall especial<\/strong>, <strong data-start=\"1939\" data-end=\"1972\">celebrar una data assenyalada<\/strong> o simplement <strong data-start=\"1986\" data-end=\"2024\">gaudir d\u2019un bon esmorzar o berenar<\/strong>, a Pastisseria U\u00f1\u00f3 t\u2019oferim una <strong data-start=\"2057\" data-end=\"2075\">proposta \u00fanica<\/strong> i adaptada a cada necessitat.<\/p>\n","protected":false},"excerpt":{"rendered":"<p>A Pastisseria U\u00f1\u00f3 ens dediquem a l\u2019elaboraci\u00f3 artesanal d\u2019una \u00e0mplia gamma de productes dol\u00e7os i salats, pensats tant per al dia a dia com per a les ocasions m\u00e9s especials. La nostra carta inclou pastissos, rebosteria tradicional i d\u2019autor, coques, petits-fours, bombons, galetes i especialitats locals, aix\u00ed com una selecci\u00f3 de productes salats per a [&hellip;]<\/p>\n","protected":false},"author":1,"featured_media":0,"parent":0,"menu_order":3,"comment_status":"closed","ping_status":"closed","template":"template-simple.php","meta":{"footnotes":""},"class_list":["post-138","page","type-page","status-publish","hentry"],"yoast_head":"<!-- This site is optimized with the Yoast SEO plugin v25.5 - https:\/\/yoast.com\/wordpress\/plugins\/seo\/ -->\n<title>Qu\u00e8 fem - Pastisseria U\u00f1\u00f3<\/title>\n<meta name=\"robots\" content=\"index, follow, max-snippet:-1, max-image-preview:large, max-video-preview:-1\" \/>\n<link rel=\"canonical\" href=\"https:\/\/pastisseriauno.es\/ca\/que-fem\/\" \/>\n<meta property=\"og:locale\" content=\"ca_ES\" \/>\n<meta property=\"og:type\" content=\"article\" \/>\n<meta property=\"og:title\" content=\"Qu\u00e8 fem - Pastisseria U\u00f1\u00f3\" \/>\n<meta property=\"og:description\" content=\"A Pastisseria U\u00f1\u00f3 ens dediquem a l\u2019elaboraci\u00f3 artesanal d\u2019una \u00e0mplia gamma de productes dol\u00e7os i salats, pensats tant per al dia a dia com per a les ocasions m\u00e9s especials. La nostra carta inclou pastissos, rebosteria tradicional i d\u2019autor, coques, petits-fours, bombons, galetes i especialitats locals, aix\u00ed com una selecci\u00f3 de productes salats per a [&hellip;]\" \/>\n<meta property=\"og:url\" content=\"https:\/\/pastisseriauno.es\/ca\/que-fem\/\" \/>\n<meta property=\"og:site_name\" content=\"Pastisseria U\u00f1\u00f3\" \/>\n<meta property=\"article:modified_time\" content=\"2025-07-22T03:29:22+00:00\" \/>\n<meta name=\"twitter:card\" content=\"summary_large_image\" \/>\n<meta name=\"twitter:label1\" content=\"Est. reading time\" \/>\n\t<meta name=\"twitter:data1\" content=\"1 minute\" \/>\n<script type=\"application\/ld+json\" class=\"yoast-schema-graph\">{\"@context\":\"https:\/\/schema.org\",\"@graph\":[{\"@type\":\"WebPage\",\"@id\":\"https:\/\/pastisseriauno.es\/ca\/que-fem\/\",\"url\":\"https:\/\/pastisseriauno.es\/ca\/que-fem\/\",\"name\":\"Qu\u00e8 fem - Pastisseria U\u00f1\u00f3\",\"isPartOf\":{\"@id\":\"https:\/\/pastisseriauno.es\/#website\"},\"datePublished\":\"2023-01-05T14:47:15+00:00\",\"dateModified\":\"2025-07-22T03:29:22+00:00\",\"breadcrumb\":{\"@id\":\"https:\/\/pastisseriauno.es\/ca\/que-fem\/#breadcrumb\"},\"inLanguage\":\"ca\",\"potentialAction\":[{\"@type\":\"ReadAction\",\"target\":[\"https:\/\/pastisseriauno.es\/ca\/que-fem\/\"]}]},{\"@type\":\"BreadcrumbList\",\"@id\":\"https:\/\/pastisseriauno.es\/ca\/que-fem\/#breadcrumb\",\"itemListElement\":[{\"@type\":\"ListItem\",\"position\":1,\"name\":\"Portada\",\"item\":\"https:\/\/pastisseriauno.es\/ca\/\"},{\"@type\":\"ListItem\",\"position\":2,\"name\":\"Qu\u00e8 fem\"}]},{\"@type\":\"WebSite\",\"@id\":\"https:\/\/pastisseriauno.es\/#website\",\"url\":\"https:\/\/pastisseriauno.es\/\",\"name\":\"Pastisseria U\u00f1\u00f3\",\"description\":\"\",\"publisher\":{\"@id\":\"https:\/\/pastisseriauno.es\/#organization\"},\"potentialAction\":[{\"@type\":\"SearchAction\",\"target\":{\"@type\":\"EntryPoint\",\"urlTemplate\":\"https:\/\/pastisseriauno.es\/?s={search_term_string}\"},\"query-input\":{\"@type\":\"PropertyValueSpecification\",\"valueRequired\":true,\"valueName\":\"search_term_string\"}}],\"inLanguage\":\"ca\"},{\"@type\":\"Organization\",\"@id\":\"https:\/\/pastisseriauno.es\/#organization\",\"name\":\"Juan Carel\",\"url\":\"https:\/\/pastisseriauno.es\/\",\"logo\":{\"@type\":\"ImageObject\",\"inLanguage\":\"ca\",\"@id\":\"https:\/\/pastisseriauno.es\/#\/schema\/logo\/image\/\",\"url\":\"\",\"contentUrl\":\"\",\"caption\":\"Juan Carel\"},\"image\":{\"@id\":\"https:\/\/pastisseriauno.es\/#\/schema\/logo\/image\/\"}}]}<\/script>\n<!-- \/ Yoast SEO plugin. -->","yoast_head_json":{"title":"Qu\u00e8 fem - Pastisseria U\u00f1\u00f3","robots":{"index":"index","follow":"follow","max-snippet":"max-snippet:-1","max-image-preview":"max-image-preview:large","max-video-preview":"max-video-preview:-1"},"canonical":"https:\/\/pastisseriauno.es\/ca\/que-fem\/","og_locale":"ca_ES","og_type":"article","og_title":"Qu\u00e8 fem - Pastisseria U\u00f1\u00f3","og_description":"A Pastisseria U\u00f1\u00f3 ens dediquem a l\u2019elaboraci\u00f3 artesanal d\u2019una \u00e0mplia gamma de productes dol\u00e7os i salats, pensats tant per al dia a dia com per a les ocasions m\u00e9s especials. La nostra carta inclou pastissos, rebosteria tradicional i d\u2019autor, coques, petits-fours, bombons, galetes i especialitats locals, aix\u00ed com una selecci\u00f3 de productes salats per a [&hellip;]","og_url":"https:\/\/pastisseriauno.es\/ca\/que-fem\/","og_site_name":"Pastisseria U\u00f1\u00f3","article_modified_time":"2025-07-22T03:29:22+00:00","twitter_card":"summary_large_image","twitter_misc":{"Est. reading time":"1 minute"},"schema":{"@context":"https:\/\/schema.org","@graph":[{"@type":"WebPage","@id":"https:\/\/pastisseriauno.es\/ca\/que-fem\/","url":"https:\/\/pastisseriauno.es\/ca\/que-fem\/","name":"Qu\u00e8 fem - Pastisseria U\u00f1\u00f3","isPartOf":{"@id":"https:\/\/pastisseriauno.es\/#website"},"datePublished":"2023-01-05T14:47:15+00:00","dateModified":"2025-07-22T03:29:22+00:00","breadcrumb":{"@id":"https:\/\/pastisseriauno.es\/ca\/que-fem\/#breadcrumb"},"inLanguage":"ca","potentialAction":[{"@type":"ReadAction","target":["https:\/\/pastisseriauno.es\/ca\/que-fem\/"]}]},{"@type":"BreadcrumbList","@id":"https:\/\/pastisseriauno.es\/ca\/que-fem\/#breadcrumb","itemListElement":[{"@type":"ListItem","position":1,"name":"Portada","item":"https:\/\/pastisseriauno.es\/ca\/"},{"@type":"ListItem","position":2,"name":"Qu\u00e8 fem"}]},{"@type":"WebSite","@id":"https:\/\/pastisseriauno.es\/#website","url":"https:\/\/pastisseriauno.es\/","name":"Pastisseria U\u00f1\u00f3","description":"","publisher":{"@id":"https:\/\/pastisseriauno.es\/#organization"},"potentialAction":[{"@type":"SearchAction","target":{"@type":"EntryPoint","urlTemplate":"https:\/\/pastisseriauno.es\/?s={search_term_string}"},"query-input":{"@type":"PropertyValueSpecification","valueRequired":true,"valueName":"search_term_string"}}],"inLanguage":"ca"},{"@type":"Organization","@id":"https:\/\/pastisseriauno.es\/#organization","name":"Juan Carel","url":"https:\/\/pastisseriauno.es\/","logo":{"@type":"ImageObject","inLanguage":"ca","@id":"https:\/\/pastisseriauno.es\/#\/schema\/logo\/image\/","url":"","contentUrl":"","caption":"Juan Carel"},"image":{"@id":"https:\/\/pastisseriauno.es\/#\/schema\/logo\/image\/"}}]}},"_links":{"self":[{"href":"https:\/\/pastisseriauno.es\/ca\/wp-json\/wp\/v2\/pages\/138","targetHints":{"allow":["GET"]}}],"collection":[{"href":"https:\/\/pastisseriauno.es\/ca\/wp-json\/wp\/v2\/pages"}],"about":[{"href":"https:\/\/pastisseriauno.es\/ca\/wp-json\/wp\/v2\/types\/page"}],"author":[{"embeddable":true,"href":"https:\/\/pastisseriauno.es\/ca\/wp-json\/wp\/v2\/users\/1"}],"replies":[{"embeddable":true,"href":"https:\/\/pastisseriauno.es\/ca\/wp-json\/wp\/v2\/comments?post=138"}],"version-history":[{"count":5,"href":"https:\/\/pastisseriauno.es\/ca\/wp-json\/wp\/v2\/pages\/138\/revisions"}],"predecessor-version":[{"id":221,"href":"https:\/\/pastisseriauno.es\/ca\/wp-json\/wp\/v2\/pages\/138\/revisions\/221"}],"wp:attachment":[{"href":"https:\/\/pastisseriauno.es\/ca\/wp-json\/wp\/v2\/media?parent=138"}],"curies":[{"name":"wp","href":"https:\/\/api.w.org\/{rel}","templated":true}]}}