{"id":80,"date":"2023-01-03T11:31:43","date_gmt":"2023-01-03T11:31:43","guid":{"rendered":"http:\/\/localhost\/selfoods-web\/aviso-legal\/"},"modified":"2025-07-22T03:27:04","modified_gmt":"2025-07-22T03:27:04","slug":"aviso-legal","status":"publish","type":"page","link":"https:\/\/pastisseriauno.es\/ca\/aviso-legal\/","title":{"rendered":"Av\u00eds legal"},"content":{"rendered":"<p data-start=\"91\" data-end=\"295\">En compliment amb el deure d\u2019informaci\u00f3 recollit a la Llei 34\/2002, d\u201911 de juliol, de serveis de la societat de la informaci\u00f3 i de comer\u00e7 electr\u00f2nic (LSSI), s\u2019informa que el titular d\u2019aquest lloc web \u00e9s:<\/p>\n<p data-start=\"297\" data-end=\"515\"><strong data-start=\"297\" data-end=\"309\">Empresa:<\/strong> Pastisseria U\u00f1\u00f3 SL<br data-start=\"328\" data-end=\"331\" \/><strong data-start=\"331\" data-end=\"339\">CIF:<\/strong> B61845327<br data-start=\"349\" data-end=\"352\" \/><strong data-start=\"352\" data-end=\"372\">Domicili social:<\/strong> Carrer de la Riera, 84-86, 08301 Matar\u00f3, Barcelona<br data-start=\"423\" data-end=\"426\" \/><strong data-start=\"426\" data-end=\"460\">Correu electr\u00f2nic de contacte:<\/strong> <a class=\"cursor-pointer\" rel=\"noopener\" data-start=\"461\" data-end=\"483\">info@pastisseriauno.es<\/a><br data-start=\"483\" data-end=\"486\" \/><strong data-start=\"486\" data-end=\"498\">Tel\u00e8fon:<\/strong> +34 937 55 24 40<\/p>\n<p data-start=\"517\" data-end=\"824\">L\u2019\u00fas d\u2019aquest lloc web atribueix la condici\u00f3 d\u2019usuari, la qual cosa implica l\u2019acceptaci\u00f3 plena i sense reserves de totes les disposicions incloses en aquest Av\u00eds Legal. L\u2019usuari es compromet a fer un \u00fas adequat del lloc web, dels seus continguts i serveis de conformitat amb la llei i el present Av\u00eds Legal.<\/p>\n<p data-start=\"826\" data-end=\"1251\"><strong data-start=\"826\" data-end=\"867\">Propietat intel\u00b7lectual i industrial:<\/strong><br data-start=\"867\" data-end=\"870\" \/>Tots els continguts del lloc web, incloent-hi textos, imatges, gr\u00e0fics, logotips, icones, programari, noms comercials, marques o qualsevol altre signe susceptible d\u2019utilitzaci\u00f3 industrial i comercial estan subjectes a drets de propietat intel\u00b7lectual i industrial de Pastisseria U\u00f1\u00f3 SL o de tercers titulars dels mateixos que han autoritzat degudament la seva inclusi\u00f3 al lloc web.<\/p>\n<p data-start=\"1253\" data-end=\"1467\"><strong data-start=\"1253\" data-end=\"1273\">Responsabilitat:<\/strong><br data-start=\"1273\" data-end=\"1276\" \/>Pastisseria U\u00f1\u00f3 SL no es fa responsable dels danys i perjudicis que poguessin derivar-se de la utilitzaci\u00f3 d\u2019aquest lloc web ni dels continguts, informaci\u00f3 o serveis que poguessin incloure\u2019s.<\/p>\n<p data-start=\"1469\" data-end=\"1796\"><strong data-start=\"1469\" data-end=\"1508\">Legislaci\u00f3 aplicable i jurisdicci\u00f3:<\/strong><br data-start=\"1508\" data-end=\"1511\" \/>Aquest Av\u00eds Legal es regeix \u00edntegrament per la legislaci\u00f3 espanyola. Per a qualsevol controv\u00e8rsia que pogu\u00e9s sorgir relacionada amb aquest lloc web o amb l\u2019activitat que s\u2019hi desenvolupa, seran competents els Jutjats i Tribunals corresponents al domicili de l\u2019usuari o al de l\u2019empresa.<\/p>\n","protected":false},"excerpt":{"rendered":"<p>En compliment amb el deure d\u2019informaci\u00f3 recollit a la Llei 34\/2002, d\u201911 de juliol, de serveis de la societat de la informaci\u00f3 i de comer\u00e7 electr\u00f2nic (LSSI), s\u2019informa que el titular d\u2019aquest lloc web \u00e9s: Empresa: Pastisseria U\u00f1\u00f3 SLCIF: B61845327Domicili social: Carrer de la Riera, 84-86, 08301 Matar\u00f3, BarcelonaCorreu electr\u00f2nic de contacte: info@pastisseriauno.esTel\u00e8fon: +34 937 [&hellip;]<\/p>\n","protected":false},"author":1,"featured_media":0,"parent":0,"menu_order":5,"comment_status":"closed","ping_status":"closed","template":"template-simple.php","meta":{"footnotes":""},"class_list":["post-80","page","type-page","status-publish","hentry"],"yoast_head":"<!-- This site is optimized with the Yoast SEO plugin v25.5 - https:\/\/yoast.com\/wordpress\/plugins\/seo\/ -->\n<title>Av\u00eds legal - Pastisseria U\u00f1\u00f3<\/title>\n<meta name=\"robots\" content=\"index, follow, max-snippet:-1, max-image-preview:large, max-video-preview:-1\" \/>\n<link rel=\"canonical\" href=\"https:\/\/pastisseriauno.es\/ca\/aviso-legal\/\" \/>\n<meta property=\"og:locale\" content=\"ca_ES\" \/>\n<meta property=\"og:type\" content=\"article\" \/>\n<meta property=\"og:title\" content=\"Av\u00eds legal - Pastisseria U\u00f1\u00f3\" \/>\n<meta property=\"og:description\" content=\"En compliment amb el deure d\u2019informaci\u00f3 recollit a la Llei 34\/2002, d\u201911 de juliol, de serveis de la societat de la informaci\u00f3 i de comer\u00e7 electr\u00f2nic (LSSI), s\u2019informa que el titular d\u2019aquest lloc web \u00e9s: Empresa: Pastisseria U\u00f1\u00f3 SLCIF: B61845327Domicili social: Carrer de la Riera, 84-86, 08301 Matar\u00f3, BarcelonaCorreu electr\u00f2nic de contacte: info@pastisseriauno.esTel\u00e8fon: +34 937 [&hellip;]\" \/>\n<meta property=\"og:url\" content=\"https:\/\/pastisseriauno.es\/ca\/aviso-legal\/\" \/>\n<meta property=\"og:site_name\" content=\"Pastisseria U\u00f1\u00f3\" \/>\n<meta property=\"article:modified_time\" content=\"2025-07-22T03:27:04+00:00\" \/>\n<meta name=\"twitter:card\" content=\"summary_large_image\" \/>\n<meta name=\"twitter:label1\" content=\"Est. reading time\" \/>\n\t<meta name=\"twitter:data1\" content=\"2 minutes\" \/>\n<script type=\"application\/ld+json\" class=\"yoast-schema-graph\">{\"@context\":\"https:\/\/schema.org\",\"@graph\":[{\"@type\":\"WebPage\",\"@id\":\"https:\/\/pastisseriauno.es\/ca\/aviso-legal\/\",\"url\":\"https:\/\/pastisseriauno.es\/ca\/aviso-legal\/\",\"name\":\"Av\u00eds legal - Pastisseria U\u00f1\u00f3\",\"isPartOf\":{\"@id\":\"https:\/\/pastisseriauno.es\/#website\"},\"datePublished\":\"2023-01-03T11:31:43+00:00\",\"dateModified\":\"2025-07-22T03:27:04+00:00\",\"breadcrumb\":{\"@id\":\"https:\/\/pastisseriauno.es\/ca\/aviso-legal\/#breadcrumb\"},\"inLanguage\":\"ca\",\"potentialAction\":[{\"@type\":\"ReadAction\",\"target\":[\"https:\/\/pastisseriauno.es\/ca\/aviso-legal\/\"]}]},{\"@type\":\"BreadcrumbList\",\"@id\":\"https:\/\/pastisseriauno.es\/ca\/aviso-legal\/#breadcrumb\",\"itemListElement\":[{\"@type\":\"ListItem\",\"position\":1,\"name\":\"Portada\",\"item\":\"https:\/\/pastisseriauno.es\/ca\/\"},{\"@type\":\"ListItem\",\"position\":2,\"name\":\"Av\u00eds legal\"}]},{\"@type\":\"WebSite\",\"@id\":\"https:\/\/pastisseriauno.es\/#website\",\"url\":\"https:\/\/pastisseriauno.es\/\",\"name\":\"Pastisseria U\u00f1\u00f3\",\"description\":\"\",\"publisher\":{\"@id\":\"https:\/\/pastisseriauno.es\/#organization\"},\"potentialAction\":[{\"@type\":\"SearchAction\",\"target\":{\"@type\":\"EntryPoint\",\"urlTemplate\":\"https:\/\/pastisseriauno.es\/?s={search_term_string}\"},\"query-input\":{\"@type\":\"PropertyValueSpecification\",\"valueRequired\":true,\"valueName\":\"search_term_string\"}}],\"inLanguage\":\"ca\"},{\"@type\":\"Organization\",\"@id\":\"https:\/\/pastisseriauno.es\/#organization\",\"name\":\"Juan Carel\",\"url\":\"https:\/\/pastisseriauno.es\/\",\"logo\":{\"@type\":\"ImageObject\",\"inLanguage\":\"ca\",\"@id\":\"https:\/\/pastisseriauno.es\/#\/schema\/logo\/image\/\",\"url\":\"\",\"contentUrl\":\"\",\"caption\":\"Juan Carel\"},\"image\":{\"@id\":\"https:\/\/pastisseriauno.es\/#\/schema\/logo\/image\/\"}}]}<\/script>\n<!-- \/ Yoast SEO plugin. -->","yoast_head_json":{"title":"Av\u00eds legal - Pastisseria U\u00f1\u00f3","robots":{"index":"index","follow":"follow","max-snippet":"max-snippet:-1","max-image-preview":"max-image-preview:large","max-video-preview":"max-video-preview:-1"},"canonical":"https:\/\/pastisseriauno.es\/ca\/aviso-legal\/","og_locale":"ca_ES","og_type":"article","og_title":"Av\u00eds legal - Pastisseria U\u00f1\u00f3","og_description":"En compliment amb el deure d\u2019informaci\u00f3 recollit a la Llei 34\/2002, d\u201911 de juliol, de serveis de la societat de la informaci\u00f3 i de comer\u00e7 electr\u00f2nic (LSSI), s\u2019informa que el titular d\u2019aquest lloc web \u00e9s: Empresa: Pastisseria U\u00f1\u00f3 SLCIF: B61845327Domicili social: Carrer de la Riera, 84-86, 08301 Matar\u00f3, BarcelonaCorreu electr\u00f2nic de contacte: info@pastisseriauno.esTel\u00e8fon: +34 937 [&hellip;]","og_url":"https:\/\/pastisseriauno.es\/ca\/aviso-legal\/","og_site_name":"Pastisseria U\u00f1\u00f3","article_modified_time":"2025-07-22T03:27:04+00:00","twitter_card":"summary_large_image","twitter_misc":{"Est. reading time":"2 minutes"},"schema":{"@context":"https:\/\/schema.org","@graph":[{"@type":"WebPage","@id":"https:\/\/pastisseriauno.es\/ca\/aviso-legal\/","url":"https:\/\/pastisseriauno.es\/ca\/aviso-legal\/","name":"Av\u00eds legal - Pastisseria U\u00f1\u00f3","isPartOf":{"@id":"https:\/\/pastisseriauno.es\/#website"},"datePublished":"2023-01-03T11:31:43+00:00","dateModified":"2025-07-22T03:27:04+00:00","breadcrumb":{"@id":"https:\/\/pastisseriauno.es\/ca\/aviso-legal\/#breadcrumb"},"inLanguage":"ca","potentialAction":[{"@type":"ReadAction","target":["https:\/\/pastisseriauno.es\/ca\/aviso-legal\/"]}]},{"@type":"BreadcrumbList","@id":"https:\/\/pastisseriauno.es\/ca\/aviso-legal\/#breadcrumb","itemListElement":[{"@type":"ListItem","position":1,"name":"Portada","item":"https:\/\/pastisseriauno.es\/ca\/"},{"@type":"ListItem","position":2,"name":"Av\u00eds legal"}]},{"@type":"WebSite","@id":"https:\/\/pastisseriauno.es\/#website","url":"https:\/\/pastisseriauno.es\/","name":"Pastisseria U\u00f1\u00f3","description":"","publisher":{"@id":"https:\/\/pastisseriauno.es\/#organization"},"potentialAction":[{"@type":"SearchAction","target":{"@type":"EntryPoint","urlTemplate":"https:\/\/pastisseriauno.es\/?s={search_term_string}"},"query-input":{"@type":"PropertyValueSpecification","valueRequired":true,"valueName":"search_term_string"}}],"inLanguage":"ca"},{"@type":"Organization","@id":"https:\/\/pastisseriauno.es\/#organization","name":"Juan Carel","url":"https:\/\/pastisseriauno.es\/","logo":{"@type":"ImageObject","inLanguage":"ca","@id":"https:\/\/pastisseriauno.es\/#\/schema\/logo\/image\/","url":"","contentUrl":"","caption":"Juan Carel"},"image":{"@id":"https:\/\/pastisseriauno.es\/#\/schema\/logo\/image\/"}}]}},"_links":{"self":[{"href":"https:\/\/pastisseriauno.es\/ca\/wp-json\/wp\/v2\/pages\/80","targetHints":{"allow":["GET"]}}],"collection":[{"href":"https:\/\/pastisseriauno.es\/ca\/wp-json\/wp\/v2\/pages"}],"about":[{"href":"https:\/\/pastisseriauno.es\/ca\/wp-json\/wp\/v2\/types\/page"}],"author":[{"embeddable":true,"href":"https:\/\/pastisseriauno.es\/ca\/wp-json\/wp\/v2\/users\/1"}],"replies":[{"embeddable":true,"href":"https:\/\/pastisseriauno.es\/ca\/wp-json\/wp\/v2\/comments?post=80"}],"version-history":[{"count":9,"href":"https:\/\/pastisseriauno.es\/ca\/wp-json\/wp\/v2\/pages\/80\/revisions"}],"predecessor-version":[{"id":219,"href":"https:\/\/pastisseriauno.es\/ca\/wp-json\/wp\/v2\/pages\/80\/revisions\/219"}],"wp:attachment":[{"href":"https:\/\/pastisseriauno.es\/ca\/wp-json\/wp\/v2\/media?parent=80"}],"curies":[{"name":"wp","href":"https:\/\/api.w.org\/{rel}","templated":true}]}}